{"id":2,"date":"2016-05-10T03:48:21","date_gmt":"2016-05-10T03:48:21","guid":{"rendered":"http:\/\/www.scuoladiarrampicatamuzzerone.it\/wp\/?page_id=2"},"modified":"2026-01-23T13:29:35","modified_gmt":"2026-01-23T13:29:35","slug":"sample-page","status":"publish","type":"page","link":"http:\/\/www.scuoladiarrampicatamuzzerone.it\/wp\/?page_id=2","title":{"rendered":"Scuola Muzzerone del Levante Ligure"},"content":{"rendered":"<p style=\"font-weight: 400;\"><u><strong>Organico della scuola<\/strong><\/u><\/p>\n<p style=\"font-weight: 400;\"><b>Direttore:<\/b>\u00a0<em>Ubaldo Firenze (Istruttore Nazionale di Arrampicata Libera)<\/em><\/p>\n<p style=\"font-weight: 400;\"><b>Vice Direttore:<\/b>\u00a0<em>Luca Lagomarsini<\/em><em>\u00a0(Istruttore Nazionale di Arrampicata Libera, Istruttore Scuola Interregionale LPV)<\/em><em>,<\/em><\/p>\n<p style=\"font-weight: 400;\"><b>Istruttori Nazionali di Arrampicata Libera:<\/b>\u00a0<em>Illuminato Amore, Lidia Battisti, Angelo Bonatti, Mattia di Bono, Emanuele Stefanelli<\/em><em>,\u00a0<\/em><em> Lorenzo Taponecco (Istruttore Scuola Interregionale LPV)<\/em><\/p>\n<p style=\"font-weight: 400;\"><b>Istruttore Nazionale di Alpinismo:<\/b>\u00a0<em>Emanuele Stefanelli (Istruttore Scuola Centrale SCASA, Istruttore Scuola Interregionale LPV)<\/em><\/p>\n<p><b>Istruttore Nazionale di Sci Alpinismo:<\/b><em>\u00a0<\/em><em>Lorenzo Taponecco<\/em><\/p>\n<p style=\"font-weight: 400;\"><b>Istruttori Regionali di Arrampicata Libera: <\/b><em>Tiziana Ravenna, Simone Sturla, Andrea Bertoldi, Giacomo Boni, Raffaello Donati<\/em><\/p>\n<p style=\"font-weight: 400;\"><b>Istruttore Regionale di Sci Alpinismo: <\/b><em>Emanuele Stefanelli<\/em><\/p>\n<p style=\"font-weight: 400;\"><b>Istruttore Regionale di Alpinismo:<\/b> <em>Paolo Vergani<\/em><\/p>\n<p style=\"font-weight: 400;\"><strong>Istruttori di Arrampicata in Et\u00e0 Evolutiva IAEE:\u00a0<\/strong><em>Lidia Battisti, Emanuele Stefanelli, Tiziana Ravenna, Simone Sturla, Andrea Bertoldi<\/em><\/p>\n<p style=\"font-weight: 400;\"><strong>I<\/strong><strong>struttori Sezionali di Arrampicata:<\/strong><em> Marco Cipolloni<\/em><\/p>\n<p style=\"font-weight: 400;\"><strong>Istruttori Sezionali di Sci Alpinismo: <\/strong><em>Alessandro Gattoronchieri, Marco Cipolloni, Carlo Atzeni<\/em><\/p>\n<p style=\"font-weight: 400;\"><strong>I<\/strong><strong>struttore Sezionale di Alpinismo: <\/strong><em>Michele Guastalli, Sabrina Bacilieri<\/em><\/p>\n<p style=\"font-weight: 400;\">All&#8217;inizio degli anni &#8217;90 nasceva la Scuola di Arrampicata Libera \u201cMuzzerone\u201d, la prima ad essere fondata in Italia a stampo prettamente \u201csportivo\u201d. Ad oggi essa conta ben 8 Istruttori Nazionali d\u2019arrampicata libera, 1 Istruttore Nazionale di Alpinismo, 2 Istruttori Regionali di Arrampicata Libera, 1 Istruttore Regionale di Alpinismo, 2 Istruttori Regionali di Scialpinismo, 7 Istruttori Sezionali, 3 Istruttori di Arrampicata in Et\u00e0 Evolutiva e continua, ogni anno, ad organizzare corsi base e di perfezionamento con la stessa voglia e passione di un tempo, con quella professionalit\u00e0 e dedizione che ne fanno una delle scuole pi\u00f9 quotate a livello italiano.<\/p>\n<p style=\"font-weight: 400;\">Nel 2008 la Scuola di Arrampicata Libera \u00e8 diventata anche Scuola di Alpinismo.<\/p>\n<p style=\"font-weight: 400;\">Nel 2015 la Scuola Muzzerone diventa Scuola di Arrampicata, Alpinismo e Sci Alpinismo.<\/p>\n<p>Nel 2018 la Scuola Muzzerone diventa Scuola Intersezionale del Levante Ligure, con Sarzana, Chiavari e Rapallo, capofila Spezia.<\/p>\n<p style=\"font-weight: 400;\">L\u2019arrampicata sportiva \u00e8 il gesto pi\u00f9 naturale di progressione nell\u2019 affascinante mondo verticale e viene praticata, sia a scopo amatoriale che agonistico, su pareti di roccia e falesie o su pareti artificiali, lungo itinerari completamente attrezzati e controllati dalla base, senza l\u2019ausilio di alcun ulteriore mezzo tecnico per la salita: \u00e8 quindi un\u2019attivit\u00e0 che si svolge in completa sicurezza, legati con la corda e assicurati da un compagno.<\/p>\n<p style=\"font-weight: 400;\">Essa affonda chiaramente le sue radici nell\u2019 alpinismo ed \u00e8 \u201cfiglia\u201d dell\u2019arrampicata libera (protezioni messe in parete durante la progressione), ma da entrambi si \u00e8 ormai completamente svincolata; oggi questa viene praticata su strutture rocciose naturali anche molto lontane dalla montagna ed \u00e8 arrivata a superare difficolt\u00e0 un tempo neppure lontanamente immaginabili.<\/p>\n<p style=\"font-weight: 400;\">In ambito amatoriale, quindi, \u00e8 una fantastica attivit\u00e0 a cui tutti si possono avvicinare, data la quasi totale assenza di fattori di rischio oggettivi; in ambito agonistico, \u00e8 regolamentata invece da norme e classifiche coordinate dalle federazioni nazionali e si pratica quasi esclusivamente su strutture artificiali.<\/p>\n<p style=\"font-weight: 400;\">Basta provarla una volta per percepirne l\u2019essenza!<\/p>\n<p style=\"font-weight: 400;\">\u00a0Molti si avvicinano per gioco a questa disciplina la quale finisce per rivelarsi in seguito una vera passione che esalta le capacit\u00e0 atletiche di chi la pratica, ma libera lo spirito e la mente come forse nessun altro sport riesce a fare.<\/p>\n","protected":false},"excerpt":{"rendered":"<p>Organico della scuola Direttore:\u00a0Ubaldo Firenze (Istruttore Nazionale di Arrampicata Libera) Vice Direttore:\u00a0Luca Lagomarsini\u00a0(Istruttore Nazionale di Arrampicata Libera, Istruttore Scuola Interregionale LPV), Istruttori Nazionali di Arrampicata Libera:\u00a0Illuminato Amore, Lidia Battisti, Angelo Bonatti, Mattia di Bono, Emanuele Stefanelli,\u00a0 Lorenzo Taponecco (Istruttore Scuola Interregionale LPV) Istruttore Nazionale di Alpinismo:\u00a0Emanuele Stefanelli (Istruttore Scuola Centrale SCASA, Istruttore Scuola Interregionale LPV) [&hellip;]<\/p>\n","protected":false},"author":1,"featured_media":0,"parent":0,"menu_order":0,"comment_status":"closed","ping_status":"open","template":"","meta":{"footnotes":""},"class_list":["post-2","page","type-page","status-publish","hentry"],"_links":{"self":[{"href":"http:\/\/www.scuoladiarrampicatamuzzerone.it\/wp\/index.php?rest_route=\/wp\/v2\/pages\/2","targetHints":{"allow":["GET"]}}],"collection":[{"href":"http:\/\/www.scuoladiarrampicatamuzzerone.it\/wp\/index.php?rest_route=\/wp\/v2\/pages"}],"about":[{"href":"http:\/\/www.scuoladiarrampicatamuzzerone.it\/wp\/index.php?rest_route=\/wp\/v2\/types\/page"}],"author":[{"embeddable":true,"href":"http:\/\/www.scuoladiarrampicatamuzzerone.it\/wp\/index.php?rest_route=\/wp\/v2\/users\/1"}],"replies":[{"embeddable":true,"href":"http:\/\/www.scuoladiarrampicatamuzzerone.it\/wp\/index.php?rest_route=%2Fwp%2Fv2%2Fcomments&post=2"}],"version-history":[{"count":13,"href":"http:\/\/www.scuoladiarrampicatamuzzerone.it\/wp\/index.php?rest_route=\/wp\/v2\/pages\/2\/revisions"}],"predecessor-version":[{"id":384,"href":"http:\/\/www.scuoladiarrampicatamuzzerone.it\/wp\/index.php?rest_route=\/wp\/v2\/pages\/2\/revisions\/384"}],"wp:attachment":[{"href":"http:\/\/www.scuoladiarrampicatamuzzerone.it\/wp\/index.php?rest_route=%2Fwp%2Fv2%2Fmedia&parent=2"}],"curies":[{"name":"wp","href":"https:\/\/api.w.org\/{rel}","templated":true}]}}